{"id":108,"date":"2018-04-04T12:10:49","date_gmt":"2018-04-04T12:10:49","guid":{"rendered":"http:\/\/bridge214.qodeinteractive.com\/?page_id=108"},"modified":"2023-12-13T19:50:20","modified_gmt":"2023-12-13T19:50:20","slug":"nosotros","status":"publish","type":"page","link":"https:\/\/viejoperro.cl\/enterra\/nosotros\/","title":{"rendered":"Nosotros"},"content":{"rendered":"<section class=\"wpb-content-wrapper\"><p>[vc_row css_animation=\u00bb\u00bb row_type=\u00bbrow\u00bb use_row_as_full_screen_section=\u00bbno\u00bb type=\u00bbgrid\u00bb angled_section=\u00bbno\u00bb text_align=\u00bbcenter\u00bb background_image_as_pattern=\u00bbwithout_pattern\u00bb padding_top=\u00bb81&#8243; padding_bottom=\u00bb35&#8243; z_index=\u00bb\u00bb][vc_column][qode_elements_holder number_of_columns=\u00bbone_column\u00bb][qode_elements_holder_item advanced_animations=\u00bbno\u00bb item_padding=\u00bb0 21% 0 21%\u00bb item_padding_600_768=\u00bb0 0 0 0&#8243; item_padding_480_600=\u00bb0 0 0 0&#8243; item_padding_480=\u00bb0 0 0 0&#8243;][vc_column_text]<\/p>\n<h1>SOBRE LA MARCA<\/h1>\n<p>[\/vc_column_text][vc_empty_space height=\u00bb27px\u00bb][vc_column_text]<span class=\"OYPEnA text-decoration-none text-strikethrough-none\">Enterra es una marca creada en el 2023 a partir de la incertidumbre de la vida en el futuro y su adaptaci\u00f3n en la sociedad. Por esto, la marca entrega prendas c\u00f3modas y funcionales, sin dejar de ser innovadoras, de manera que para nuestros usuarios sea mas f\u00e1cil la adaptaci\u00f3n a una vida subterr\u00e1nea.<\/span>[\/vc_column_text][\/qode_elements_holder_item][\/qode_elements_holder][\/vc_column][\/vc_row][vc_row css_animation=\u00bb\u00bb row_type=\u00bbrow\u00bb use_row_as_full_screen_section=\u00bbno\u00bb type=\u00bbgrid\u00bb angled_section=\u00bbno\u00bb text_align=\u00bbcenter\u00bb background_image_as_pattern=\u00bbwithout_pattern\u00bb padding_top=\u00bb81&#8243; padding_bottom=\u00bb35&#8243; z_index=\u00bb\u00bb][vc_column][qode_elements_holder number_of_columns=\u00bbone_column\u00bb][qode_elements_holder_item advanced_animations=\u00bbno\u00bb item_padding=\u00bb0 21% 0 21%\u00bb item_padding_600_768=\u00bb0 0 0 0&#8243; item_padding_480_600=\u00bb0 0 0 0&#8243; item_padding_480=\u00bb0 0 0 0&#8243;][vc_column_text]<\/p>\n<h1>DISCURSO DE LA MARCA<\/h1>\n<p>[\/vc_column_text][vc_empty_space height=\u00bb27px\u00bb][vc_column_text]<span class=\"OYPEnA text-decoration-none text-strikethrough-none\">Enterra transmite comodidad y versatilidad que requiere el d\u00eda a d\u00eda. Nuestra marca es consiente de los cambios de hoy en d\u00eda, es por eso que velamos por fabricar sin ning\u00fan tipo de crueldad y queremos encaminarnos a un futuro sustentable.<br \/>\nNuestros dise\u00f1os combinan lo techwear-formal, con colores neutros y variaci\u00f3n de tallas para as\u00ed adaptarnos a diferentes tipos de cuerpos. <\/span>[\/vc_column_text][vc_empty_space height=\u00bb63px\u00bb]<a  itemprop=\"url\" href=\"#\" target=\"_self\"  class=\"qbutton  default\" style=\"\">Tienda online<\/a>[\/qode_elements_holder_item][\/qode_elements_holder][vc_empty_space height=\u00bb63px\u00bb][\/vc_column][\/vc_row][vc_row css_animation=\u00bb\u00bb row_type=\u00bbrow\u00bb use_row_as_full_screen_section=\u00bbno\u00bb type=\u00bbgrid\u00bb angled_section=\u00bbno\u00bb text_align=\u00bbleft\u00bb background_image_as_pattern=\u00bbwithout_pattern\u00bb z_index=\u00bb\u00bb][vc_column width=\u00bb1\/3&#8243;][vc_empty_space height=\u00bb63px\u00bb][vc_column_text]<\/p>\n<h1>MISION<\/h1>\n<p>[\/vc_column_text][vc_empty_space height=\u00bb63px\u00bb][vc_column_text]<span class=\"OYPEnA text-decoration-none text-strikethrough-none\">Enterra busca entregar comodidad a trav\u00e9s de prendas funcionales que mantienen una est\u00e9tica ligada a la vida subterr\u00e1nea. Donde su materialidad se basa en textiles que no sean de origen animal, sino textiles nobles.<\/span>[\/vc_column_text][\/vc_column][vc_column width=\u00bb1\/3&#8243;][vc_empty_space height=\u00bb63px\u00bb][vc_column_text]<\/p>\n<h1>VISION<\/h1>\n<p>[\/vc_column_text][vc_empty_space height=\u00bb63px\u00bb][vc_column_text]<span class=\"OYPEnA text-decoration-none text-strikethrough-none\">En Enterra queremos aportar en una futura vida subterr\u00e1nea por medio de prendas funcionales y c\u00f3modas, sin perder nuestra est\u00e9tica, demostrando as\u00ed la importancia del vestuario en nuestra sociedad.<\/span>[\/vc_column_text][\/vc_column][vc_column width=\u00bb1\/3&#8243;][vc_empty_space height=\u00bb63px\u00bb][vc_column_text]<\/p>\n<h1>VALORES<\/h1>\n<p>[\/vc_column_text][vc_empty_space height=\u00bb63px\u00bb][vc_column_text]<span class=\"OYPEnA text-decoration-none text-strikethrough-none\">En Enterra, es sumamente importante mantener sus principios, tratando de forma \u00e9tica a sus trabajadores, teniendo prendas de calidad, sin necesidad de intervenir en animales ni en el medio ambiente.<\/span>[\/vc_column_text][\/vc_column][\/vc_row]<\/p>\n<\/section>","protected":false},"excerpt":{"rendered":"<p>[vc_row css_animation=\u00bb\u00bb row_type=\u00bbrow\u00bb use_row_as_full_screen_section=\u00bbno\u00bb type=\u00bbgrid\u00bb angled_section=\u00bbno\u00bb text_align=\u00bbcenter\u00bb background_image_as_pattern=\u00bbwithout_pattern\u00bb padding_top=\u00bb81&#8243; padding_bottom=\u00bb35&#8243; z_index=\u00bb\u00bb][vc_column][qode_elements_holder number_of_columns=\u00bbone_column\u00bb][qode_elements_holder_item advanced_animations=\u00bbno\u00bb item_padding=\u00bb0 21% 0 21%\u00bb item_padding_600_768=\u00bb0 0 0 0&#8243; item_padding_480_600=\u00bb0 0 0 0&#8243; item_padding_480=\u00bb0 0 0 0&#8243;][vc_column_text] SOBRE LA MARCA [\/vc_column_text][vc_empty_space height=\u00bb27px\u00bb][vc_column_text]Enterra es una marca creada en el 2023 a partir de la&#8230;<\/p>\n","protected":false},"author":1,"featured_media":0,"parent":0,"menu_order":0,"comment_status":"closed","ping_status":"closed","template":"full_width.php","meta":{"footnotes":""},"class_list":["post-108","page","type-page","status-publish","hentry"],"_links":{"self":[{"href":"https:\/\/viejoperro.cl\/enterra\/wp-json\/wp\/v2\/pages\/108","targetHints":{"allow":["GET"]}}],"collection":[{"href":"https:\/\/viejoperro.cl\/enterra\/wp-json\/wp\/v2\/pages"}],"about":[{"href":"https:\/\/viejoperro.cl\/enterra\/wp-json\/wp\/v2\/types\/page"}],"author":[{"embeddable":true,"href":"https:\/\/viejoperro.cl\/enterra\/wp-json\/wp\/v2\/users\/1"}],"replies":[{"embeddable":true,"href":"https:\/\/viejoperro.cl\/enterra\/wp-json\/wp\/v2\/comments?post=108"}],"version-history":[{"count":5,"href":"https:\/\/viejoperro.cl\/enterra\/wp-json\/wp\/v2\/pages\/108\/revisions"}],"predecessor-version":[{"id":193,"href":"https:\/\/viejoperro.cl\/enterra\/wp-json\/wp\/v2\/pages\/108\/revisions\/193"}],"wp:attachment":[{"href":"https:\/\/viejoperro.cl\/enterra\/wp-json\/wp\/v2\/media?parent=108"}],"curies":[{"name":"wp","href":"https:\/\/api.w.org\/{rel}","templated":true}]}}